{"id":10233,"date":"2025-07-31T12:32:38","date_gmt":"2025-07-31T00:32:38","guid":{"rendered":"https:\/\/aucklanddesignweek.com\/2026\/nga-mahi\/"},"modified":"2025-12-15T14:04:45","modified_gmt":"2025-12-15T01:04:45","slug":"nga-mahi","status":"publish","type":"page","link":"https:\/\/nzdesignweek.com\/mi-nz\/nga-mahi\/","title":{"rendered":"Ng\u0101 Mahi"},"content":{"rendered":"<p><span style=\"font-weight: 400;\">Ko t\u0101 te New Zealand Design Week he whakak\u0101 i te mahinga ng\u0101tahitanga, i te p\u0101hekoheko, me te whakawhitinga whakaaro ki roto tonu i te hapori hoahoa &#8211; waihoki, he whakaohooho, he whakaako hoki i te hunga e ng\u0101kau whiwhita mai ana ki te hoahoa. I hoahoatia t\u0101 m\u0101tou h\u014dtaka rauh\u012b hei poipoi i te totoko me te auahatanga, me te aronga ki te k\u014dkiri i te tipuranga ahumoni puta noa i te r\u0101ngai hoahoa. <\/span><span style=\"font-weight: 400;\">Tuwhera ai ng\u0101 r\u0113hitatanga ki ng\u0101 huihuinga utukore i te 9 i te ata, i te Mane te 10 o P\u0113puere.<\/span><\/p>\n","protected":false},"excerpt":{"rendered":"<p>Ko t\u0101 te New Zealand Design Week he whakak\u0101 i te mahinga ng\u0101tahitanga, i te p\u0101hekoheko, me te whakawhitinga whakaaro ki roto tonu i te hapori hoahoa &#8211;&#8230;<\/p>\n","protected":false},"author":1,"featured_media":0,"parent":0,"menu_order":0,"comment_status":"closed","ping_status":"closed","template":"template_whatson.php","meta":{"_acf_changed":false,"_price":"","_stock":"","_tribe_ticket_header":"","_tribe_default_ticket_provider":"Tribe__Tickets_Plus__Commerce__WooCommerce__Main","_tribe_ticket_capacity":"0","_ticket_start_date":"","_ticket_end_date":"","_tribe_ticket_show_description":"","_tribe_ticket_show_not_going":false,"_tribe_ticket_use_global_stock":"","_tribe_ticket_global_stock_level":"","_global_stock_mode":"","_global_stock_cap":"","_tribe_rsvp_for_event":"","_tribe_ticket_going_count":"","_tribe_ticket_not_going_count":"","_tribe_tickets_list":"[]","_tribe_ticket_has_attendee_info_fields":false,"footnotes":"","_tec_slr_enabled":"","_tec_slr_layout":""},"class_list":["post-10233","page","type-page","status-publish","hentry"],"acf":[],"yoast_head":"<!-- This site is optimized with the Yoast SEO plugin v27.4 - https:\/\/yoast.com\/product\/yoast-seo-wordpress\/ -->\n<title>Ng\u0101 Mahi - NZ Design Week<\/title>\n<meta name=\"description\" content=\"We\u2019ve curated a programme of activities with more to come. Check in for updates or sign up for ADW e-news for to be the first to know.\" \/>\n<meta name=\"robots\" content=\"index, follow, max-snippet:-1, max-image-preview:large, max-video-preview:-1\" \/>\n<link rel=\"canonical\" href=\"https:\/\/nzdesignweek.com\/mi-nz\/nga-mahi\/\" \/>\n<meta property=\"og:locale\" content=\"mi_NZ\" \/>\n<meta property=\"og:type\" content=\"article\" \/>\n<meta property=\"og:title\" content=\"Ng\u0101 Mahi - NZ Design Week\" \/>\n<meta property=\"og:description\" content=\"We\u2019ve curated a programme of activities with more to come. Check in for updates or sign up for ADW e-news for to be the first to know.\" \/>\n<meta property=\"og:url\" content=\"https:\/\/nzdesignweek.com\/mi-nz\/nga-mahi\/\" \/>\n<meta property=\"og:site_name\" content=\"NZ Design Week\" \/>\n<meta property=\"article:publisher\" content=\"https:\/\/www.facebook.com\/aucklanddesignweek\" \/>\n<meta property=\"article:modified_time\" content=\"2025-12-15T01:04:45+00:00\" \/>\n<meta name=\"twitter:card\" content=\"summary_large_image\" \/>\n<meta name=\"twitter:label1\" content=\"Est. reading time\" \/>\n\t<meta name=\"twitter:data1\" content=\"1 minute\" \/>\n<script type=\"application\/ld+json\" class=\"yoast-schema-graph\">{\"@context\":\"https:\\\/\\\/schema.org\",\"@graph\":[{\"@type\":\"WebPage\",\"@id\":\"https:\\\/\\\/nzdesignweek.com\\\/mi-nz\\\/nga-mahi\\\/\",\"url\":\"https:\\\/\\\/nzdesignweek.com\\\/mi-nz\\\/nga-mahi\\\/\",\"name\":\"Ng\u0101 Mahi - NZ Design Week\",\"isPartOf\":{\"@id\":\"https:\\\/\\\/nzdesignweek.com\\\/mi-nz\\\/#website\"},\"datePublished\":\"2025-07-31T00:32:38+00:00\",\"dateModified\":\"2025-12-15T01:04:45+00:00\",\"description\":\"We\u2019ve curated a programme of activities with more to come. Check in for updates or sign up for ADW e-news for to be the first to know.\",\"breadcrumb\":{\"@id\":\"https:\\\/\\\/nzdesignweek.com\\\/mi-nz\\\/nga-mahi\\\/#breadcrumb\"},\"inLanguage\":\"mi-NZ\",\"potentialAction\":[{\"@type\":\"ReadAction\",\"target\":[\"https:\\\/\\\/nzdesignweek.com\\\/mi-nz\\\/nga-mahi\\\/\"]}]},{\"@type\":\"BreadcrumbList\",\"@id\":\"https:\\\/\\\/nzdesignweek.com\\\/mi-nz\\\/nga-mahi\\\/#breadcrumb\",\"itemListElement\":[{\"@type\":\"ListItem\",\"position\":1,\"name\":\"Home\",\"item\":\"https:\\\/\\\/nzdesignweek.com\\\/mi-nz\\\/\"},{\"@type\":\"ListItem\",\"position\":2,\"name\":\"Ng\u0101 Mahi\"}]},{\"@type\":\"WebSite\",\"@id\":\"https:\\\/\\\/nzdesignweek.com\\\/mi-nz\\\/#website\",\"url\":\"https:\\\/\\\/nzdesignweek.com\\\/mi-nz\\\/\",\"name\":\"Auckland Design Week\",\"description\":\"\",\"publisher\":{\"@id\":\"https:\\\/\\\/nzdesignweek.com\\\/mi-nz\\\/#organization\"},\"potentialAction\":[{\"@type\":\"SearchAction\",\"target\":{\"@type\":\"EntryPoint\",\"urlTemplate\":\"https:\\\/\\\/nzdesignweek.com\\\/mi-nz\\\/?s={search_term_string}\"},\"query-input\":{\"@type\":\"PropertyValueSpecification\",\"valueRequired\":true,\"valueName\":\"search_term_string\"}}],\"inLanguage\":\"mi-NZ\"},{\"@type\":\"Organization\",\"@id\":\"https:\\\/\\\/nzdesignweek.com\\\/mi-nz\\\/#organization\",\"name\":\"Auckland Design Week\",\"url\":\"https:\\\/\\\/nzdesignweek.com\\\/mi-nz\\\/\",\"logo\":{\"@type\":\"ImageObject\",\"inLanguage\":\"mi-NZ\",\"@id\":\"https:\\\/\\\/nzdesignweek.com\\\/mi-nz\\\/#\\\/schema\\\/logo\\\/image\\\/\",\"url\":\"https:\\\/\\\/nzdesignweek.com\\\/wp-content\\\/uploads\\\/2023\\\/11\\\/banner-slide12-scaled.png\",\"contentUrl\":\"https:\\\/\\\/nzdesignweek.com\\\/wp-content\\\/uploads\\\/2023\\\/11\\\/banner-slide12-scaled.png\",\"width\":2560,\"height\":1440,\"caption\":\"Auckland Design Week\"},\"image\":{\"@id\":\"https:\\\/\\\/nzdesignweek.com\\\/mi-nz\\\/#\\\/schema\\\/logo\\\/image\\\/\"},\"sameAs\":[\"https:\\\/\\\/www.facebook.com\\\/aucklanddesignweek\",\"https:\\\/\\\/www.instagram.com\\\/aucklanddesignweek\\\/\"]}]}<\/script>\n<!-- \/ Yoast SEO plugin. -->","yoast_head_json":{"title":"Ng\u0101 Mahi - NZ Design Week","description":"We\u2019ve curated a programme of activities with more to come. Check in for updates or sign up for ADW e-news for to be the first to know.","robots":{"index":"index","follow":"follow","max-snippet":"max-snippet:-1","max-image-preview":"max-image-preview:large","max-video-preview":"max-video-preview:-1"},"canonical":"https:\/\/nzdesignweek.com\/mi-nz\/nga-mahi\/","og_locale":"mi_NZ","og_type":"article","og_title":"Ng\u0101 Mahi - NZ Design Week","og_description":"We\u2019ve curated a programme of activities with more to come. Check in for updates or sign up for ADW e-news for to be the first to know.","og_url":"https:\/\/nzdesignweek.com\/mi-nz\/nga-mahi\/","og_site_name":"NZ Design Week","article_publisher":"https:\/\/www.facebook.com\/aucklanddesignweek","article_modified_time":"2025-12-15T01:04:45+00:00","twitter_card":"summary_large_image","twitter_misc":{"Est. reading time":"1 minute"},"schema":{"@context":"https:\/\/schema.org","@graph":[{"@type":"WebPage","@id":"https:\/\/nzdesignweek.com\/mi-nz\/nga-mahi\/","url":"https:\/\/nzdesignweek.com\/mi-nz\/nga-mahi\/","name":"Ng\u0101 Mahi - NZ Design Week","isPartOf":{"@id":"https:\/\/nzdesignweek.com\/mi-nz\/#website"},"datePublished":"2025-07-31T00:32:38+00:00","dateModified":"2025-12-15T01:04:45+00:00","description":"We\u2019ve curated a programme of activities with more to come. Check in for updates or sign up for ADW e-news for to be the first to know.","breadcrumb":{"@id":"https:\/\/nzdesignweek.com\/mi-nz\/nga-mahi\/#breadcrumb"},"inLanguage":"mi-NZ","potentialAction":[{"@type":"ReadAction","target":["https:\/\/nzdesignweek.com\/mi-nz\/nga-mahi\/"]}]},{"@type":"BreadcrumbList","@id":"https:\/\/nzdesignweek.com\/mi-nz\/nga-mahi\/#breadcrumb","itemListElement":[{"@type":"ListItem","position":1,"name":"Home","item":"https:\/\/nzdesignweek.com\/mi-nz\/"},{"@type":"ListItem","position":2,"name":"Ng\u0101 Mahi"}]},{"@type":"WebSite","@id":"https:\/\/nzdesignweek.com\/mi-nz\/#website","url":"https:\/\/nzdesignweek.com\/mi-nz\/","name":"Auckland Design Week","description":"","publisher":{"@id":"https:\/\/nzdesignweek.com\/mi-nz\/#organization"},"potentialAction":[{"@type":"SearchAction","target":{"@type":"EntryPoint","urlTemplate":"https:\/\/nzdesignweek.com\/mi-nz\/?s={search_term_string}"},"query-input":{"@type":"PropertyValueSpecification","valueRequired":true,"valueName":"search_term_string"}}],"inLanguage":"mi-NZ"},{"@type":"Organization","@id":"https:\/\/nzdesignweek.com\/mi-nz\/#organization","name":"Auckland Design Week","url":"https:\/\/nzdesignweek.com\/mi-nz\/","logo":{"@type":"ImageObject","inLanguage":"mi-NZ","@id":"https:\/\/nzdesignweek.com\/mi-nz\/#\/schema\/logo\/image\/","url":"https:\/\/nzdesignweek.com\/wp-content\/uploads\/2023\/11\/banner-slide12-scaled.png","contentUrl":"https:\/\/nzdesignweek.com\/wp-content\/uploads\/2023\/11\/banner-slide12-scaled.png","width":2560,"height":1440,"caption":"Auckland Design Week"},"image":{"@id":"https:\/\/nzdesignweek.com\/mi-nz\/#\/schema\/logo\/image\/"},"sameAs":["https:\/\/www.facebook.com\/aucklanddesignweek","https:\/\/www.instagram.com\/aucklanddesignweek\/"]}]}},"jetpack_sharing_enabled":true,"ticketed":false,"_links":{"self":[{"href":"https:\/\/nzdesignweek.com\/mi-nz\/wp-json\/wp\/v2\/pages\/10233","targetHints":{"allow":["GET"]}}],"collection":[{"href":"https:\/\/nzdesignweek.com\/mi-nz\/wp-json\/wp\/v2\/pages"}],"about":[{"href":"https:\/\/nzdesignweek.com\/mi-nz\/wp-json\/wp\/v2\/types\/page"}],"author":[{"embeddable":true,"href":"https:\/\/nzdesignweek.com\/mi-nz\/wp-json\/wp\/v2\/users\/1"}],"replies":[{"embeddable":true,"href":"https:\/\/nzdesignweek.com\/mi-nz\/wp-json\/wp\/v2\/comments?post=10233"}],"version-history":[{"count":0,"href":"https:\/\/nzdesignweek.com\/mi-nz\/wp-json\/wp\/v2\/pages\/10233\/revisions"}],"wp:attachment":[{"href":"https:\/\/nzdesignweek.com\/mi-nz\/wp-json\/wp\/v2\/media?parent=10233"}],"curies":[{"name":"wp","href":"https:\/\/api.w.org\/{rel}","templated":true}]}}